{"id":5966,"date":"2021-10-10T19:20:13","date_gmt":"2021-10-10T17:20:13","guid":{"rendered":"https:\/\/lanasyovillos.com\/?page_id=5966"},"modified":"2021-10-10T19:20:14","modified_gmt":"2021-10-10T17:20:14","slug":"terminos-y-condiciones","status":"publish","type":"page","link":"https:\/\/lanasyovillos.com\/es\/terminos-y-condiciones\/","title":{"rendered":"Terminos y condiciones"},"content":{"rendered":"\n<p>T\u00c9RMINOS Y CONDICIONES DE LA TIENDA<\/p>\n\n\n\n<p>La responsable y titular de la tienda de Lanas y Ovillos es Alba Chumillas Tobella, con domicilio en Castellgal\u00ed, Apartado de Correos 475, Barcelona.<\/p>\n\n\n\n<p>Puedes contactar conmigo en <a href=\"mailto:info@lanasyovillos.com\">info@lanasyovillos.com<\/a> si tienes cualquier duda.<\/p>\n\n\n\n<p>INFORMACI\u00d3N DE LOS PRODUCTOS DE LA TIENDA<\/p>\n\n\n\n<p>La mayor\u00eda de los productos que puedes comprar en esta tienda son patrones de tejido&nbsp; en formato PDF, o cursos online.<\/p>\n\n\n\n<p>Todos los productos son propiedad de Alba Chumillas Tobella y est\u00e1n registrados como propiedad intelectual, estando todos los derechos sobre ellos reservados.<\/p>\n\n\n\n<p>La licencia que se adquieres al recibir un art\u00edculo es \u00fanicamente personal. Est\u00e1 prohibida su distribuci\u00f3n, reproducci\u00f3n, copia, venta, modificaci\u00f3n, alquiler, total o parcialmente. En especial, y sin que su menci\u00f3n tenga car\u00e1cter limitativo estos t\u00e9rminos no otorgan ning\u00fan derecho en relaci\u00f3n con la interpretaci\u00f3n o ejecuci\u00f3n p\u00fablica, el uso de promoci\u00f3n, la venta comercial, la reventa, reproducci\u00f3n, distribuci\u00f3n o explotaci\u00f3n comercial de cualquier producto digital.<\/p>\n\n\n\n<p>Lanas y Ovillos tiene derecho a obtener medidas cautelares en su contra, adem\u00e1s de todos los dem\u00e1s recursos de que disponga para hacer cumplir estos t\u00e9rminos de venta y para evitar un uso no autorizado de este sitio, y\/o de los productos digitales.<\/p>\n\n\n\n<p>Para evitar el uso no autorizado,&nbsp;los productos digitales pueden llevar una marca de agua digital que &nbsp;permita identificar el origen de los productos digitales y el seguimiento de cualquier transferencia posterior no autorizada. Mediante la compra de un producto digital, te comprometes a no intentar suprimir la marca de agua o de eludir la tecnolog\u00eda de seguridad de ninguna manera.<\/p>\n\n\n\n<p>PRECIOS<\/p>\n\n\n\n<p>Todos los precios de la tienda se expresan en Euro \u20ac y son los que est\u00e1n incluidos en la descripci\u00f3n del producto. Los precios incluyen los impuestos correspondientes.<br>Si necesitas una factura de tu pedido, puedes solicitarla en <a href=\"mailto:info@lanasyovillos.com\">info@lanasyovillos.com<\/a><\/p>\n\n\n\n<p>ENTREGA<\/p>\n\n\n\n<p>Una vez realizado el pago, podr\u00e1s acceder a tu cuenta, y tanto el pedidos, como en descargas, podr\u00e1s descargar el archivo PDF. Tambi\u00e9n recibir\u00e1s un email de confirmaci\u00f3n de la compra con un enlace a tu cuenta para que puedas descargar el archivo.<\/p>\n\n\n\n<p>DEVOLUCIONES<\/p>\n\n\n\n<p>No se puede cancelar un pedido de un producto digital una vez que se ha hecho disponible para su descarga y el proceso de compra &nbsp;ha finalizado. Una descarga permanente realizada no podr\u00e1 ser objeto de cambio o de reembolso.<\/p>\n\n\n\n<p>CONDICIONES DE VENTA<\/p>\n\n\n\n<p>La compra de productos en esta web, supone el conocimiento y aceptaci\u00f3n de los t\u00e9rminos y condiciones de la tienda, aviso legal y pol\u00edtica de privacidad de esta web.<\/p>\n\n\n\n<p>Para cualquier duda relativa a estas condiciones generales de venta, contacta con&nbsp;<a href=\"mailto:info@lanasyovillos.com\">info@lanasyovillos.com<\/a><\/p>\n","protected":false},"excerpt":{"rendered":"<p>T\u00c9RMINOS Y CONDICIONES DE LA TIENDA La responsable y titular de la tienda de Lanas y Ovillos es Alba Chumillas Tobella, con domicilio en Castellgal\u00ed, Apartado de Correos 475, Barcelona. Puedes contactar conmigo en info@lanasyovillos.com si tienes cualquier duda. INFORMACI\u00d3N DE LOS PRODUCTOS DE LA TIENDA La mayor\u00eda de los productos que puedes comprar en&#8230;<\/p>\n","protected":false},"author":1,"featured_media":0,"parent":0,"menu_order":0,"comment_status":"closed","ping_status":"closed","template":"","meta":{"_kad_post_transparent":"","_kad_post_title":"","_kad_post_layout":"","_kad_post_sidebar_id":"","_kad_post_content_style":"","_kad_post_vertical_padding":"","_kad_post_feature":"","_kad_post_feature_position":"","_kad_post_header":false,"_kad_post_footer":false,"footnotes":""},"class_list":["post-5966","page","type-page","status-publish","hentry"],"_links":{"self":[{"href":"https:\/\/lanasyovillos.com\/es\/wp-json\/wp\/v2\/pages\/5966","targetHints":{"allow":["GET"]}}],"collection":[{"href":"https:\/\/lanasyovillos.com\/es\/wp-json\/wp\/v2\/pages"}],"about":[{"href":"https:\/\/lanasyovillos.com\/es\/wp-json\/wp\/v2\/types\/page"}],"author":[{"embeddable":true,"href":"https:\/\/lanasyovillos.com\/es\/wp-json\/wp\/v2\/users\/1"}],"replies":[{"embeddable":true,"href":"https:\/\/lanasyovillos.com\/es\/wp-json\/wp\/v2\/comments?post=5966"}],"version-history":[{"count":1,"href":"https:\/\/lanasyovillos.com\/es\/wp-json\/wp\/v2\/pages\/5966\/revisions"}],"predecessor-version":[{"id":5967,"href":"https:\/\/lanasyovillos.com\/es\/wp-json\/wp\/v2\/pages\/5966\/revisions\/5967"}],"wp:attachment":[{"href":"https:\/\/lanasyovillos.com\/es\/wp-json\/wp\/v2\/media?parent=5966"}],"curies":[{"name":"wp","href":"https:\/\/api.w.org\/{rel}","templated":true}]}}