{"id":5759,"date":"2021-10-07T12:15:48","date_gmt":"2021-10-07T10:15:48","guid":{"rendered":"https:\/\/lanasyovillos.com\/?post_type=product&#038;p=5759"},"modified":"2021-10-19T12:57:25","modified_gmt":"2021-10-19T10:57:25","slug":"patron-amigurumi-dormilon","status":"publish","type":"product","link":"https:\/\/lanasyovillos.com\/es\/producto\/patron-amigurumi-dormilon\/","title":{"rendered":"Patr\u00f3n Dormil\u00f3n"},"content":{"rendered":"<p>Aprende a tejer un<strong> Mu\u00f1eco Dormil\u00f3n<\/strong>, la delicia de los m\u00e1s peque\u00f1os, con este patr\u00f3n.<\/p>\n<p>Es un mu\u00f1eco de medida peque\u00f1a, ideal para reci\u00e9n nacidos y para beb\u00e9s. Acompa\u00f1ar\u00e1n a los m\u00e1s peque\u00f1os durante muchos a\u00f1os, ya que es muy pr\u00e1ctico para ellos cogerlo. Por lo que es el regalo perfecto para aquellos beb\u00e9s a los que m\u00e1s queremos.<\/p>\n<p>En el patr\u00f3n encontrar\u00e1s el patr\u00f3n escrito, hilera por hilera, as\u00ed como algunas im\u00e1genes del paso a paso. Tambi\u00e9n encontrar\u00e1s los enlaces a los v\u00eddeo tutoriales de soporte para el patr\u00f3n. Este art\u00edculo es un patr\u00f3n descargable, NO ES EL MU\u00d1ECO TERMINADO.<\/p>\n<p>&nbsp;<\/p>\n","protected":false},"excerpt":{"rendered":"<p>Patr\u00f3n en PDF en ESPA\u00d1OL descargable. Instrucciones escritas con im\u00e1genes del paso a paso, y enlace al v\u00eddeo tutorial<\/p>\n","protected":false},"featured_media":5760,"comment_status":"open","ping_status":"closed","template":"","meta":{"_kad_post_transparent":"default","_kad_post_title":"","_kad_post_layout":"default","_kad_post_sidebar_id":"","_kad_post_content_style":"default","_kad_post_vertical_padding":"default","_kad_post_feature":"","_kad_post_feature_position":"","_kad_post_header":false,"_kad_post_footer":false},"product_cat":[113],"product_tag":[],"class_list":{"0":"post-5759","1":"product","2":"type-product","3":"status-publish","4":"has-post-thumbnail","6":"product_cat-otros","8":"first","9":"instock","10":"downloadable","11":"virtual","12":"product-type-simple","13":"entry","14":"content-bg","15":"loop-entry"},"_links":{"self":[{"href":"https:\/\/lanasyovillos.com\/es\/wp-json\/wp\/v2\/product\/5759","targetHints":{"allow":["GET"]}}],"collection":[{"href":"https:\/\/lanasyovillos.com\/es\/wp-json\/wp\/v2\/product"}],"about":[{"href":"https:\/\/lanasyovillos.com\/es\/wp-json\/wp\/v2\/types\/product"}],"replies":[{"embeddable":true,"href":"https:\/\/lanasyovillos.com\/es\/wp-json\/wp\/v2\/comments?post=5759"}],"wp:featuredmedia":[{"embeddable":true,"href":"https:\/\/lanasyovillos.com\/es\/wp-json\/wp\/v2\/media\/5760"}],"wp:attachment":[{"href":"https:\/\/lanasyovillos.com\/es\/wp-json\/wp\/v2\/media?parent=5759"}],"wp:term":[{"taxonomy":"product_cat","embeddable":true,"href":"https:\/\/lanasyovillos.com\/es\/wp-json\/wp\/v2\/product_cat?post=5759"},{"taxonomy":"product_tag","embeddable":true,"href":"https:\/\/lanasyovillos.com\/es\/wp-json\/wp\/v2\/product_tag?post=5759"}],"curies":[{"name":"wp","href":"https:\/\/api.w.org\/{rel}","templated":true}]}}