{"id":5965,"date":"2021-10-10T19:22:52","date_gmt":"2021-10-10T17:22:52","guid":{"rendered":"https:\/\/lanasyovillos.com\/?post_type=product&#038;p=5965"},"modified":"2021-10-12T19:00:48","modified_gmt":"2021-10-12T17:00:48","slug":"patron-ratoncito-perez","status":"publish","type":"product","link":"https:\/\/lanasyovillos.com\/es\/producto\/patron-ratoncito-perez\/","title":{"rendered":"Patr\u00f3n Ratoncito P\u00e9rez"},"content":{"rendered":"<p>Aprende a tejer paso a paso un <strong>Ratoncito P\u00e9rez <\/strong>con la t\u00e9cnica del amigurumi.<\/p>\n<p>Es el mu\u00f1eco perfecto para acompa\u00f1ar a los peque\u00f1os en sus cambios de dientes, y adem\u00e1s \u00a1incluye el patr\u00f3n de una mochila para poder poner el diente de leche dentro!<\/p>\n<p>El patr\u00f3n est\u00e1 detallado hilera por hilera, y tiene fotos detalladas del paso a paso.<\/p>\n","protected":false},"excerpt":{"rendered":"<p>Patr\u00f3n en PDF en ESPA\u00d1OL. Instrucciones escritas con im\u00e1genes del paso a paso<\/p>\n","protected":false},"featured_media":5970,"comment_status":"open","ping_status":"closed","template":"","meta":{"_kad_post_transparent":"default","_kad_post_title":"","_kad_post_layout":"default","_kad_post_sidebar_id":"","_kad_post_content_style":"default","_kad_post_vertical_padding":"default","_kad_post_feature":"","_kad_post_feature_position":"","_kad_post_header":false,"_kad_post_footer":false},"product_cat":[110],"product_tag":[],"class_list":{"0":"post-5965","1":"product","2":"type-product","3":"status-publish","4":"has-post-thumbnail","6":"product_cat-animales","8":"first","9":"instock","10":"downloadable","11":"virtual","12":"product-type-simple","13":"entry","14":"content-bg","15":"loop-entry"},"_links":{"self":[{"href":"https:\/\/lanasyovillos.com\/es\/wp-json\/wp\/v2\/product\/5965","targetHints":{"allow":["GET"]}}],"collection":[{"href":"https:\/\/lanasyovillos.com\/es\/wp-json\/wp\/v2\/product"}],"about":[{"href":"https:\/\/lanasyovillos.com\/es\/wp-json\/wp\/v2\/types\/product"}],"replies":[{"embeddable":true,"href":"https:\/\/lanasyovillos.com\/es\/wp-json\/wp\/v2\/comments?post=5965"}],"wp:featuredmedia":[{"embeddable":true,"href":"https:\/\/lanasyovillos.com\/es\/wp-json\/wp\/v2\/media\/5970"}],"wp:attachment":[{"href":"https:\/\/lanasyovillos.com\/es\/wp-json\/wp\/v2\/media?parent=5965"}],"wp:term":[{"taxonomy":"product_cat","embeddable":true,"href":"https:\/\/lanasyovillos.com\/es\/wp-json\/wp\/v2\/product_cat?post=5965"},{"taxonomy":"product_tag","embeddable":true,"href":"https:\/\/lanasyovillos.com\/es\/wp-json\/wp\/v2\/product_tag?post=5965"}],"curies":[{"name":"wp","href":"https:\/\/api.w.org\/{rel}","templated":true}]}}