{"id":6043,"date":"2021-10-11T18:14:33","date_gmt":"2021-10-11T16:14:33","guid":{"rendered":"https:\/\/lanasyovillos.com\/?post_type=product&#038;p=6043"},"modified":"2021-12-06T12:27:14","modified_gmt":"2021-12-06T10:27:14","slug":"patron-manta-athena","status":"publish","type":"product","link":"https:\/\/lanasyovillos.com\/es\/producto\/patron-manta-athena\/","title":{"rendered":"Patron Manta Athena"},"content":{"rendered":"<p>Patr\u00f3n en PDF de la Manta Athena DESCARGABLE. Puedes comprar el patr\u00f3n entero (se ir\u00e1 actualizando de forma autom\u00e1tica cada semana a medida que avance el reto), o puedes comprar cada una de las partes por separado.<\/p>\n<p>El patr\u00f3n de cada parte incluye el gr\u00e1fico y las instrucciones escritas hilera por hilera, as\u00ed como las instrucciones de montaje general y los acabados<\/p>\n","protected":false},"excerpt":{"rendered":"<p>Patr\u00f3n en PDF de la Manta Athena DESCARGABLE. Puedes comprar el patr\u00f3n entero (se ir\u00e1 actualizando de forma autom\u00e1tica cada semana a medida que avance el reto), o puedes comprar cada una de las partes por separado.<\/p>\n<p>El patr\u00f3n de cada parte incluye el gr\u00e1fico y las instrucciones escritas hilera por hilera, as\u00ed como las instrucciones de montaje general y los acabados<\/p>\n","protected":false},"featured_media":6065,"comment_status":"open","ping_status":"closed","template":"","meta":{"_kad_post_transparent":"default","_kad_post_title":"","_kad_post_layout":"default","_kad_post_sidebar_id":"","_kad_post_content_style":"default","_kad_post_vertical_padding":"default","_kad_post_feature":"","_kad_post_feature_position":"","_kad_post_header":false,"_kad_post_footer":false},"product_cat":[119],"product_tag":[],"class_list":{"0":"post-6043","1":"product","2":"type-product","3":"status-publish","4":"has-post-thumbnail","6":"product_cat-mantas","8":"first","9":"instock","10":"taxable","11":"shipping-taxable","12":"product-type-grouped","13":"entry","14":"content-bg","15":"loop-entry"},"_links":{"self":[{"href":"https:\/\/lanasyovillos.com\/es\/wp-json\/wp\/v2\/product\/6043","targetHints":{"allow":["GET"]}}],"collection":[{"href":"https:\/\/lanasyovillos.com\/es\/wp-json\/wp\/v2\/product"}],"about":[{"href":"https:\/\/lanasyovillos.com\/es\/wp-json\/wp\/v2\/types\/product"}],"replies":[{"embeddable":true,"href":"https:\/\/lanasyovillos.com\/es\/wp-json\/wp\/v2\/comments?post=6043"}],"wp:featuredmedia":[{"embeddable":true,"href":"https:\/\/lanasyovillos.com\/es\/wp-json\/wp\/v2\/media\/6065"}],"wp:attachment":[{"href":"https:\/\/lanasyovillos.com\/es\/wp-json\/wp\/v2\/media?parent=6043"}],"wp:term":[{"taxonomy":"product_cat","embeddable":true,"href":"https:\/\/lanasyovillos.com\/es\/wp-json\/wp\/v2\/product_cat?post=6043"},{"taxonomy":"product_tag","embeddable":true,"href":"https:\/\/lanasyovillos.com\/es\/wp-json\/wp\/v2\/product_tag?post=6043"}],"curies":[{"name":"wp","href":"https:\/\/api.w.org\/{rel}","templated":true}]}}