{"id":6407,"date":"2021-10-19T12:48:10","date_gmt":"2021-10-19T10:48:10","guid":{"rendered":"https:\/\/lanasyovillos.com\/?post_type=product&#038;p=6407"},"modified":"2021-10-19T12:48:10","modified_gmt":"2021-10-19T10:48:10","slug":"patron-manta-fox","status":"publish","type":"product","link":"https:\/\/lanasyovillos.com\/es\/producto\/patron-manta-fox\/","title":{"rendered":"Patr\u00f3n Manta Fox"},"content":{"rendered":"<p>Una manta muy f\u00e1cil de tejer con la t\u00e9cnica de mosaic crochet. Es el modelo perfecto para iniciarse en el mosaico crochet.<\/p>\n<p>El patr\u00f3n incluye el gr\u00e1fico y las instrucciones escritas hilera por hilera, as\u00ed como las instrucciones de montaje general y los acabados, adem\u00e1s del acceso al v\u00eddeo tutorial detallado de c\u00f3mo tejer con esta t\u00e9cnica.<\/p>\n","protected":false},"excerpt":{"rendered":"<p>Patr\u00f3n en PDF de la Manta Fox DESCARGABLE.<\/p>\n<p>El patr\u00f3n incluye el gr\u00e1fico y las instrucciones escritas hilera por hilera, as\u00ed como las instrucciones de montaje general y los acabados<\/p>\n","protected":false},"featured_media":6412,"comment_status":"open","ping_status":"closed","template":"","meta":{"_kad_post_transparent":"default","_kad_post_title":"","_kad_post_layout":"default","_kad_post_sidebar_id":"","_kad_post_content_style":"default","_kad_post_vertical_padding":"default","_kad_post_feature":"","_kad_post_feature_position":"","_kad_post_header":false,"_kad_post_footer":false},"product_cat":[119],"product_tag":[],"class_list":{"0":"post-6407","1":"product","2":"type-product","3":"status-publish","4":"has-post-thumbnail","6":"product_cat-mantas","8":"first","9":"instock","10":"downloadable","11":"virtual","12":"product-type-simple","13":"entry","14":"content-bg","15":"loop-entry"},"_links":{"self":[{"href":"https:\/\/lanasyovillos.com\/es\/wp-json\/wp\/v2\/product\/6407","targetHints":{"allow":["GET"]}}],"collection":[{"href":"https:\/\/lanasyovillos.com\/es\/wp-json\/wp\/v2\/product"}],"about":[{"href":"https:\/\/lanasyovillos.com\/es\/wp-json\/wp\/v2\/types\/product"}],"replies":[{"embeddable":true,"href":"https:\/\/lanasyovillos.com\/es\/wp-json\/wp\/v2\/comments?post=6407"}],"wp:featuredmedia":[{"embeddable":true,"href":"https:\/\/lanasyovillos.com\/es\/wp-json\/wp\/v2\/media\/6412"}],"wp:attachment":[{"href":"https:\/\/lanasyovillos.com\/es\/wp-json\/wp\/v2\/media?parent=6407"}],"wp:term":[{"taxonomy":"product_cat","embeddable":true,"href":"https:\/\/lanasyovillos.com\/es\/wp-json\/wp\/v2\/product_cat?post=6407"},{"taxonomy":"product_tag","embeddable":true,"href":"https:\/\/lanasyovillos.com\/es\/wp-json\/wp\/v2\/product_tag?post=6407"}],"curies":[{"name":"wp","href":"https:\/\/api.w.org\/{rel}","templated":true}]}}