{"id":6851,"date":"2021-11-20T18:16:04","date_gmt":"2021-11-20T16:16:04","guid":{"rendered":"https:\/\/lanasyovillos.com\/?post_type=product&#038;p=6851"},"modified":"2023-01-19T20:07:18","modified_gmt":"2023-01-19T18:07:18","slug":"patron-bolsa-kalinda","status":"publish","type":"product","link":"https:\/\/lanasyovillos.com\/es\/producto\/patron-bolsa-kalinda\/","title":{"rendered":"Patr\u00f3n Bolsa Kalinda"},"content":{"rendered":"<p>La Bolsa Kalinda es una bolsa \/ bolso \/ mochila tejida con la t\u00e9cnica de mosaic crochet.<\/p>\n<p>Se teje en redondo, empezando por el centro de la base y aumentando para hacer la base plana, sin la t\u00e9cnica de mosaic. Una vez se deja de aumentar, cuando llegas a los laterales, se empieza a trabajar en base al esquema que puedes encontrar en este documento.<\/p>\n<p>Para finalizar, se tejen unas asas que se cosen en los laterales, en la parte superior.<\/p>\n<p>Acceso a un v\u00eddeo de soporte con las partes clave de la bolsa.<\/p>\n<p>NO ES LA BOLSA TERMINADA, SOLO EL PATR\u00d3N EN PDF CON LAS INSTRUCCIONES PASO A PASO<\/p>\n","protected":false},"excerpt":{"rendered":"<p>Patr\u00f3n en PDF de la Bolsa Kalinda DESCARGABLE.<\/p>\n<p>El patr\u00f3n incluye el gr\u00e1fico y las instrucciones escritas hilera por hilera, as\u00ed como las instrucciones de montaje general y los acabados. Adem\u00e1s de acceso a un v\u00eddeo exclusivo de soporte con las partes clave de la bolsa.<\/p>\n","protected":false},"featured_media":6861,"comment_status":"open","ping_status":"closed","template":"","meta":{"_kad_post_transparent":"default","_kad_post_title":"","_kad_post_layout":"default","_kad_post_sidebar_id":"","_kad_post_content_style":"default","_kad_post_vertical_padding":"default","_kad_post_feature":"","_kad_post_feature_position":"","_kad_post_header":false,"_kad_post_footer":false},"product_cat":[114],"product_tag":[],"class_list":{"0":"post-6851","1":"product","2":"type-product","3":"status-publish","4":"has-post-thumbnail","6":"product_cat-bolsos","8":"first","9":"instock","10":"downloadable","11":"virtual","12":"product-type-simple","13":"entry","14":"content-bg","15":"loop-entry"},"_links":{"self":[{"href":"https:\/\/lanasyovillos.com\/es\/wp-json\/wp\/v2\/product\/6851","targetHints":{"allow":["GET"]}}],"collection":[{"href":"https:\/\/lanasyovillos.com\/es\/wp-json\/wp\/v2\/product"}],"about":[{"href":"https:\/\/lanasyovillos.com\/es\/wp-json\/wp\/v2\/types\/product"}],"replies":[{"embeddable":true,"href":"https:\/\/lanasyovillos.com\/es\/wp-json\/wp\/v2\/comments?post=6851"}],"wp:featuredmedia":[{"embeddable":true,"href":"https:\/\/lanasyovillos.com\/es\/wp-json\/wp\/v2\/media\/6861"}],"wp:attachment":[{"href":"https:\/\/lanasyovillos.com\/es\/wp-json\/wp\/v2\/media?parent=6851"}],"wp:term":[{"taxonomy":"product_cat","embeddable":true,"href":"https:\/\/lanasyovillos.com\/es\/wp-json\/wp\/v2\/product_cat?post=6851"},{"taxonomy":"product_tag","embeddable":true,"href":"https:\/\/lanasyovillos.com\/es\/wp-json\/wp\/v2\/product_tag?post=6851"}],"curies":[{"name":"wp","href":"https:\/\/api.w.org\/{rel}","templated":true}]}}