{"id":6947,"date":"2021-11-25T13:47:19","date_gmt":"2021-11-25T11:47:19","guid":{"rendered":"https:\/\/lanasyovillos.com\/?post_type=product&#038;p=6947"},"modified":"2023-01-19T20:07:03","modified_gmt":"2023-01-19T18:07:03","slug":"patron-mini-nacimiento","status":"publish","type":"product","link":"https:\/\/lanasyovillos.com\/es\/producto\/patron-mini-nacimiento\/","title":{"rendered":"Patr\u00f3n Mini Nacimiento"},"content":{"rendered":"<p>Aprende a tejer un<strong> Mini Nacimiento<\/strong>, perfecto para decorar estas navidades, con este patr\u00f3n.<\/p>\n<p>Este nacimiento est\u00e1 tejido en ganchillo, con la t\u00e9cnica de amigurumi. Se tejen todos los mu\u00f1ecos en espiral, haciendo los cambios de puntos e hileras tal y como se explica en el patr\u00f3n. Todos los personajes adultos est\u00e1 tejidos en base al mismo patr\u00f3n, con una ligera variaci\u00f3n en la capa, y luego se teje el ni\u00f1o Jes\u00fas con su propio patr\u00f3n.<\/p>\n<p>Las medidas de los mu\u00f1ecos se pueden cambiar f\u00e1cilmente cambiando el grosor del hilo, cuanto m\u00e1s grosor tenga el hilo, m\u00e1s grande quedar\u00e1 el personaje y viceversa. Los personajes adultos miden 7cm.<\/p>\n<p>En el patr\u00f3n encontrar\u00e1s el patr\u00f3n escrito, hilera por hilera. Tambi\u00e9n el enlace al v\u00eddeo tutorial de soporte. Este art\u00edculo es un patr\u00f3n descargable, NO ES EL MU\u00d1ECO TERMINADO.<\/p>\n<p>&nbsp;<\/p>\n","protected":false},"excerpt":{"rendered":"<p>Patr\u00f3n en PDF en ESPA\u00d1OL descargable. Instrucciones escritas, y enlace al v\u00eddeo tutorial<\/p>\n","protected":false},"featured_media":6943,"comment_status":"open","ping_status":"closed","template":"","meta":{"_kad_post_transparent":"default","_kad_post_title":"","_kad_post_layout":"default","_kad_post_sidebar_id":"","_kad_post_content_style":"default","_kad_post_vertical_padding":"default","_kad_post_feature":"","_kad_post_feature_position":"","_kad_post_header":false,"_kad_post_footer":false},"product_cat":[111],"product_tag":[],"class_list":{"0":"post-6947","1":"product","2":"type-product","3":"status-publish","4":"has-post-thumbnail","6":"product_cat-cuentos","8":"first","9":"instock","10":"downloadable","11":"virtual","12":"product-type-simple","13":"entry","14":"content-bg","15":"loop-entry"},"_links":{"self":[{"href":"https:\/\/lanasyovillos.com\/es\/wp-json\/wp\/v2\/product\/6947","targetHints":{"allow":["GET"]}}],"collection":[{"href":"https:\/\/lanasyovillos.com\/es\/wp-json\/wp\/v2\/product"}],"about":[{"href":"https:\/\/lanasyovillos.com\/es\/wp-json\/wp\/v2\/types\/product"}],"replies":[{"embeddable":true,"href":"https:\/\/lanasyovillos.com\/es\/wp-json\/wp\/v2\/comments?post=6947"}],"wp:featuredmedia":[{"embeddable":true,"href":"https:\/\/lanasyovillos.com\/es\/wp-json\/wp\/v2\/media\/6943"}],"wp:attachment":[{"href":"https:\/\/lanasyovillos.com\/es\/wp-json\/wp\/v2\/media?parent=6947"}],"wp:term":[{"taxonomy":"product_cat","embeddable":true,"href":"https:\/\/lanasyovillos.com\/es\/wp-json\/wp\/v2\/product_cat?post=6947"},{"taxonomy":"product_tag","embeddable":true,"href":"https:\/\/lanasyovillos.com\/es\/wp-json\/wp\/v2\/product_tag?post=6947"}],"curies":[{"name":"wp","href":"https:\/\/api.w.org\/{rel}","templated":true}]}}