{"id":7089,"date":"2021-12-10T18:00:27","date_gmt":"2021-12-10T16:00:27","guid":{"rendered":"https:\/\/lanasyovillos.com\/?post_type=product&#038;p=7089"},"modified":"2021-12-09T19:01:42","modified_gmt":"2021-12-09T17:01:42","slug":"patron-gorro-izei","status":"publish","type":"product","link":"https:\/\/lanasyovillos.com\/es\/producto\/patron-gorro-izei\/","title":{"rendered":"Patr\u00f3n Gorro Izei"},"content":{"rendered":"<p>Este gorro est\u00e1 tejido en ganchillo, con la t\u00e9cnica de punto bajo centrado y cambiando de colores como en fair isle en base a un esquema. Se teje en redondo, desde la parte central superior del gorro haciendo aumentos cuando lo marca el patr\u00f3n, y haciendo los cambios de color cuando se requiera.<\/p>\n<p>En el documento puedes encontrar varias tallas con gr\u00e1ficos parecidos pero no iguales, para realizar el gorro usando la misma t\u00e9cnica.<\/p>\n<p>Tambi\u00e9n el enlace al v\u00eddeo tutorial de soporte. Este art\u00edculo es un patr\u00f3n descargable, NO ES EL GORRO TERMINADO.<\/p>\n<p>&nbsp;<\/p>\n","protected":false},"excerpt":{"rendered":"<p>Patr\u00f3n en PDF en ESPA\u00d1OL descargable. Gr\u00e1ficos en tallas desde Beb\u00e9 hasta Adulto. Fotos del paso a paso, y enlace al v\u00eddeo tutorial<\/p>\n","protected":false},"featured_media":7087,"comment_status":"open","ping_status":"closed","template":"","meta":{"_kad_post_transparent":"default","_kad_post_title":"","_kad_post_layout":"default","_kad_post_sidebar_id":"","_kad_post_content_style":"default","_kad_post_vertical_padding":"default","_kad_post_feature":"","_kad_post_feature_position":"","_kad_post_header":false,"_kad_post_footer":false},"product_cat":[117],"product_tag":[],"class_list":{"0":"post-7089","1":"product","2":"type-product","3":"status-publish","4":"has-post-thumbnail","6":"product_cat-gorros","8":"first","9":"instock","10":"downloadable","11":"virtual","12":"product-type-simple","13":"entry","14":"content-bg","15":"loop-entry"},"_links":{"self":[{"href":"https:\/\/lanasyovillos.com\/es\/wp-json\/wp\/v2\/product\/7089","targetHints":{"allow":["GET"]}}],"collection":[{"href":"https:\/\/lanasyovillos.com\/es\/wp-json\/wp\/v2\/product"}],"about":[{"href":"https:\/\/lanasyovillos.com\/es\/wp-json\/wp\/v2\/types\/product"}],"replies":[{"embeddable":true,"href":"https:\/\/lanasyovillos.com\/es\/wp-json\/wp\/v2\/comments?post=7089"}],"wp:featuredmedia":[{"embeddable":true,"href":"https:\/\/lanasyovillos.com\/es\/wp-json\/wp\/v2\/media\/7087"}],"wp:attachment":[{"href":"https:\/\/lanasyovillos.com\/es\/wp-json\/wp\/v2\/media?parent=7089"}],"wp:term":[{"taxonomy":"product_cat","embeddable":true,"href":"https:\/\/lanasyovillos.com\/es\/wp-json\/wp\/v2\/product_cat?post=7089"},{"taxonomy":"product_tag","embeddable":true,"href":"https:\/\/lanasyovillos.com\/es\/wp-json\/wp\/v2\/product_tag?post=7089"}],"curies":[{"name":"wp","href":"https:\/\/api.w.org\/{rel}","templated":true}]}}