{"id":7212,"date":"2022-01-03T11:46:59","date_gmt":"2022-01-03T09:46:59","guid":{"rendered":"https:\/\/lanasyovillos.com\/?post_type=product&#038;p=7212"},"modified":"2022-01-19T19:53:47","modified_gmt":"2022-01-19T17:53:47","slug":"patron-manta-c2c","status":"publish","type":"product","link":"https:\/\/lanasyovillos.com\/es\/producto\/patron-manta-c2c\/","title":{"rendered":"Patr\u00f3n Manta C2C"},"content":{"rendered":"<p>Esta manta est\u00e1 tejida en ganchillo, con la t\u00e9cnica de C2C, corner to corner, o de esquina a esquina. Se tejen los cuadrados con esta t\u00e9cnica, y luego se unen con un ganchillo o aguja lanera formando el dise\u00f1o deseado. Finalmente se hace un borde alrededor de toda la manta para igualar los bordes y hacer un mejor acabado.<\/p>\n<p>En este documento podr\u00e1s encontrar ideas de dise\u00f1os para que puedas hacer las combinaciones de hileras de diferentes colores y diferentes disposiciones de los cuadrados, para obtener una manta totalmente distinta pero con la misma t\u00e9cnica.<\/p>\n<p>Tambi\u00e9n el enlace al v\u00eddeo tutorial de soporte. Este art\u00edculo es un patr\u00f3n descargable, NO ES LA MANTA TERMINADA.<\/p>\n<p>&nbsp;<\/p>\n","protected":false},"excerpt":{"rendered":"<p>Patr\u00f3n en PDF en ESPA\u00d1OL descargable. Gr\u00e1fico del cuadrado y dise\u00f1os diferentes para tener m\u00e1s opciones de dise\u00f1os, y enlace al v\u00eddeo tutorial<\/p>\n","protected":false},"featured_media":7224,"comment_status":"open","ping_status":"closed","template":"","meta":{"_kad_post_transparent":"default","_kad_post_title":"","_kad_post_layout":"default","_kad_post_sidebar_id":"","_kad_post_content_style":"default","_kad_post_vertical_padding":"default","_kad_post_feature":"","_kad_post_feature_position":"","_kad_post_header":false,"_kad_post_footer":false},"product_cat":[119],"product_tag":[],"class_list":{"0":"post-7212","1":"product","2":"type-product","3":"status-publish","4":"has-post-thumbnail","6":"product_cat-mantas","8":"first","9":"instock","10":"downloadable","11":"virtual","12":"product-type-simple","13":"entry","14":"content-bg","15":"loop-entry"},"_links":{"self":[{"href":"https:\/\/lanasyovillos.com\/es\/wp-json\/wp\/v2\/product\/7212","targetHints":{"allow":["GET"]}}],"collection":[{"href":"https:\/\/lanasyovillos.com\/es\/wp-json\/wp\/v2\/product"}],"about":[{"href":"https:\/\/lanasyovillos.com\/es\/wp-json\/wp\/v2\/types\/product"}],"replies":[{"embeddable":true,"href":"https:\/\/lanasyovillos.com\/es\/wp-json\/wp\/v2\/comments?post=7212"}],"wp:featuredmedia":[{"embeddable":true,"href":"https:\/\/lanasyovillos.com\/es\/wp-json\/wp\/v2\/media\/7224"}],"wp:attachment":[{"href":"https:\/\/lanasyovillos.com\/es\/wp-json\/wp\/v2\/media?parent=7212"}],"wp:term":[{"taxonomy":"product_cat","embeddable":true,"href":"https:\/\/lanasyovillos.com\/es\/wp-json\/wp\/v2\/product_cat?post=7212"},{"taxonomy":"product_tag","embeddable":true,"href":"https:\/\/lanasyovillos.com\/es\/wp-json\/wp\/v2\/product_tag?post=7212"}],"curies":[{"name":"wp","href":"https:\/\/api.w.org\/{rel}","templated":true}]}}