{"id":7326,"date":"2022-01-11T19:40:14","date_gmt":"2022-01-11T17:40:14","guid":{"rendered":"https:\/\/lanasyovillos.com\/?post_type=product&#038;p=7326"},"modified":"2022-01-11T19:42:33","modified_gmt":"2022-01-11T17:42:33","slug":"patron-capa-vintage","status":"publish","type":"product","link":"https:\/\/lanasyovillos.com\/es\/producto\/patron-capa-vintage\/","title":{"rendered":"Patr\u00f3n Capa Vintage"},"content":{"rendered":"<p>Esta capa est\u00e1 tejida con la t\u00e9ncica de ganchillo. Se teje de arriba abajo, empezando por el cuello el\u00e1stico, y luego haciendo las vueltas necesarias con aumentos para obtener la medida deseada.<\/p>\n<p>Se utilizan puntos altos normales y puntos altos en relieve, tanto por delante, como por detr\u00e1s.<\/p>\n<p>Tambi\u00e9n puedes encontrar en el documento el enlace al v\u00eddeo tutorial de soporte. Este art\u00edculo es un patr\u00f3n descargable, NO ES LA CAPA TERMINADA.<\/p>\n<p>&nbsp;<\/p>\n","protected":false},"excerpt":{"rendered":"<p>Patr\u00f3n en PDF en ESPA\u00d1OL descargable. patr\u00f3n escrito hilera por hilera, y enlace al v\u00eddeo tutorial<\/p>\n","protected":false},"featured_media":7318,"comment_status":"open","ping_status":"closed","template":"","meta":{"_kad_post_transparent":"default","_kad_post_title":"","_kad_post_layout":"default","_kad_post_sidebar_id":"","_kad_post_content_style":"default","_kad_post_vertical_padding":"default","_kad_post_feature":"","_kad_post_feature_position":"","_kad_post_header":false,"_kad_post_footer":false},"product_cat":[123],"product_tag":[],"class_list":{"0":"post-7326","1":"product","2":"type-product","3":"status-publish","4":"has-post-thumbnail","6":"product_cat-mujer","8":"first","9":"instock","10":"downloadable","11":"virtual","12":"product-type-simple","13":"entry","14":"content-bg","15":"loop-entry"},"_links":{"self":[{"href":"https:\/\/lanasyovillos.com\/es\/wp-json\/wp\/v2\/product\/7326","targetHints":{"allow":["GET"]}}],"collection":[{"href":"https:\/\/lanasyovillos.com\/es\/wp-json\/wp\/v2\/product"}],"about":[{"href":"https:\/\/lanasyovillos.com\/es\/wp-json\/wp\/v2\/types\/product"}],"replies":[{"embeddable":true,"href":"https:\/\/lanasyovillos.com\/es\/wp-json\/wp\/v2\/comments?post=7326"}],"wp:featuredmedia":[{"embeddable":true,"href":"https:\/\/lanasyovillos.com\/es\/wp-json\/wp\/v2\/media\/7318"}],"wp:attachment":[{"href":"https:\/\/lanasyovillos.com\/es\/wp-json\/wp\/v2\/media?parent=7326"}],"wp:term":[{"taxonomy":"product_cat","embeddable":true,"href":"https:\/\/lanasyovillos.com\/es\/wp-json\/wp\/v2\/product_cat?post=7326"},{"taxonomy":"product_tag","embeddable":true,"href":"https:\/\/lanasyovillos.com\/es\/wp-json\/wp\/v2\/product_tag?post=7326"}],"curies":[{"name":"wp","href":"https:\/\/api.w.org\/{rel}","templated":true}]}}