{"id":7397,"date":"2022-01-19T19:53:00","date_gmt":"2022-01-19T17:53:00","guid":{"rendered":"https:\/\/lanasyovillos.com\/?post_type=product&#038;p=7397"},"modified":"2022-01-20T16:35:31","modified_gmt":"2022-01-20T14:35:31","slug":"patron-cardigan-bebe-mostaza","status":"publish","type":"product","link":"https:\/\/lanasyovillos.com\/es\/producto\/patron-cardigan-bebe-mostaza\/","title":{"rendered":"Patr\u00f3n C\u00e1rdigan Beb\u00e9"},"content":{"rendered":"<p>Patr\u00f3n C\u00e1rdigan Beb\u00e9 Mostaza con punto canel\u00f3n.<\/p>\n<p>TALLAS DISPONIBLES 0-3 | 3-6 | 6-9 | 9-12 | 12-18 | 18-24 MESES. Puedes comprar cada talla de forma individual, o todas las tallas juntas.<\/p>\n<p>Es un patr\u00f3n DESCARGABLE en PDF, con acceso a un v\u00eddeo tutorial de soporte e instrucciones de los puntos e hileras necesarios para realizar este c\u00e1rdigan.<\/p>\n<p>TABLA DE MEDIDAS<\/p>\n<p><img fetchpriority=\"high\" decoding=\"async\" class=\"alignnone size-medium wp-image-7436\" src=\"https:\/\/lanasyovillos.com\/wp-content\/uploads\/2022\/01\/tabla-medidas-jersey-canelon-01-300x175.png\" alt=\"\" width=\"300\" height=\"175\" \/><\/p>\n","protected":false},"excerpt":{"rendered":"<p>Patr\u00f3n C\u00e1rdigan Beb\u00e9 Mostaza con punto canel\u00f3n.<\/p>\n<p>TALLAS DISPONIBLES 0-3 | 3-6 | 6-9 | 9-12 | 12-18 | 18-24 MESES.<br \/>\nPuedes comprar cada talla de forma individual, o todas las tallas juntas.<\/p>\n<p>Es un patr\u00f3n DESCARGABLE<\/p>\n","protected":false},"featured_media":7386,"comment_status":"open","ping_status":"closed","template":"","meta":{"_kad_post_transparent":"default","_kad_post_title":"","_kad_post_layout":"default","_kad_post_sidebar_id":"","_kad_post_content_style":"default","_kad_post_vertical_padding":"default","_kad_post_feature":"","_kad_post_feature_position":"","_kad_post_header":false,"_kad_post_footer":false},"product_cat":[122,108],"product_tag":[],"class_list":{"0":"post-7397","1":"product","2":"type-product","3":"status-publish","4":"has-post-thumbnail","6":"product_cat-bebe","7":"product_cat-ropa","9":"first","10":"instock","11":"taxable","12":"shipping-taxable","13":"product-type-grouped","14":"entry","15":"content-bg","16":"loop-entry"},"_links":{"self":[{"href":"https:\/\/lanasyovillos.com\/es\/wp-json\/wp\/v2\/product\/7397","targetHints":{"allow":["GET"]}}],"collection":[{"href":"https:\/\/lanasyovillos.com\/es\/wp-json\/wp\/v2\/product"}],"about":[{"href":"https:\/\/lanasyovillos.com\/es\/wp-json\/wp\/v2\/types\/product"}],"replies":[{"embeddable":true,"href":"https:\/\/lanasyovillos.com\/es\/wp-json\/wp\/v2\/comments?post=7397"}],"wp:featuredmedia":[{"embeddable":true,"href":"https:\/\/lanasyovillos.com\/es\/wp-json\/wp\/v2\/media\/7386"}],"wp:attachment":[{"href":"https:\/\/lanasyovillos.com\/es\/wp-json\/wp\/v2\/media?parent=7397"}],"wp:term":[{"taxonomy":"product_cat","embeddable":true,"href":"https:\/\/lanasyovillos.com\/es\/wp-json\/wp\/v2\/product_cat?post=7397"},{"taxonomy":"product_tag","embeddable":true,"href":"https:\/\/lanasyovillos.com\/es\/wp-json\/wp\/v2\/product_tag?post=7397"}],"curies":[{"name":"wp","href":"https:\/\/api.w.org\/{rel}","templated":true}]}}