{"id":7448,"date":"2022-01-20T15:32:33","date_gmt":"2022-01-20T13:32:33","guid":{"rendered":"https:\/\/lanasyovillos.com\/?post_type=product&#038;p=7448"},"modified":"2023-01-19T20:05:47","modified_gmt":"2023-01-19T18:05:47","slug":"patron-cardigan-bebe-mostaza-solo-talla-12-18","status":"publish","type":"product","link":"https:\/\/lanasyovillos.com\/es\/producto\/patron-cardigan-bebe-mostaza-solo-talla-12-18\/","title":{"rendered":"Patron Cardigan Bebe Mostaza Solo Talla 12-18"},"content":{"rendered":"<p>Patr\u00f3n C\u00e1rdigan Bebe Mostaza\u00a0 TALLA 12-18 MESES DESCARGABLE.<br \/>\nEl patr\u00f3n incluye las instrucciones por hileras y con acceso al v\u00eddeo tutorial de soporte.<br \/>\nTABLA DE MEDIDAS<\/p>\n<p><img fetchpriority=\"high\" decoding=\"async\" class=\"alignnone size-medium wp-image-7436\" src=\"https:\/\/lanasyovillos.com\/wp-content\/uploads\/2022\/01\/tabla-medidas-jersey-canelon-01-300x175.png\" alt=\"\" width=\"300\" height=\"175\" \/><\/p>\n","protected":false},"excerpt":{"rendered":"<p>Patr\u00f3n C\u00e1rdigan beb\u00e9 Mostaza. Solo incluye TALLA 12-18 MESES<\/p>\n<p>Archivo DESCARGABLE. No es el patr\u00f3n en papel ni el c\u00e1rdigan terminado<\/p>\n<p>&nbsp;<\/p>\n","protected":false},"featured_media":7386,"comment_status":"open","ping_status":"closed","template":"","meta":{"_kad_post_transparent":"default","_kad_post_title":"","_kad_post_layout":"default","_kad_post_sidebar_id":"","_kad_post_content_style":"default","_kad_post_vertical_padding":"default","_kad_post_feature":"","_kad_post_feature_position":"","_kad_post_header":false,"_kad_post_footer":false},"product_cat":[122,108],"product_tag":[],"class_list":{"0":"post-7448","1":"product","2":"type-product","3":"status-publish","4":"has-post-thumbnail","6":"product_cat-bebe","7":"product_cat-ropa","9":"first","10":"instock","11":"downloadable","12":"virtual","13":"product-type-simple","14":"entry","15":"content-bg","16":"loop-entry"},"_links":{"self":[{"href":"https:\/\/lanasyovillos.com\/es\/wp-json\/wp\/v2\/product\/7448","targetHints":{"allow":["GET"]}}],"collection":[{"href":"https:\/\/lanasyovillos.com\/es\/wp-json\/wp\/v2\/product"}],"about":[{"href":"https:\/\/lanasyovillos.com\/es\/wp-json\/wp\/v2\/types\/product"}],"replies":[{"embeddable":true,"href":"https:\/\/lanasyovillos.com\/es\/wp-json\/wp\/v2\/comments?post=7448"}],"wp:featuredmedia":[{"embeddable":true,"href":"https:\/\/lanasyovillos.com\/es\/wp-json\/wp\/v2\/media\/7386"}],"wp:attachment":[{"href":"https:\/\/lanasyovillos.com\/es\/wp-json\/wp\/v2\/media?parent=7448"}],"wp:term":[{"taxonomy":"product_cat","embeddable":true,"href":"https:\/\/lanasyovillos.com\/es\/wp-json\/wp\/v2\/product_cat?post=7448"},{"taxonomy":"product_tag","embeddable":true,"href":"https:\/\/lanasyovillos.com\/es\/wp-json\/wp\/v2\/product_tag?post=7448"}],"curies":[{"name":"wp","href":"https:\/\/api.w.org\/{rel}","templated":true}]}}