{"id":7540,"date":"2022-01-28T15:47:48","date_gmt":"2022-01-28T13:47:48","guid":{"rendered":"https:\/\/lanasyovillos.com\/?post_type=product&#038;p=7540"},"modified":"2023-01-19T20:05:34","modified_gmt":"2023-01-19T18:05:34","slug":"patron-swoncho-azul","status":"publish","type":"product","link":"https:\/\/lanasyovillos.com\/es\/producto\/patron-swoncho-azul\/","title":{"rendered":"Patr\u00f3n Swoncho Azul"},"content":{"rendered":"<p>Este swoncho est\u00e1 tejido con la t\u00e9cnica del ganchillo. El t\u00e9rmino swoncho viene de mezclar las palabras sweater y poncho en ingl\u00e9s, que vendr\u00eda a ser un poncho pero con mangas.<\/p>\n<p>Est\u00e1 tejido desde arriba hacia abajo, empezando por el cuello, haciendo los respectivos aumentos hasta la hora de separar las mangas. Siempre manteniendo el detalles de puntos pop corn en la parte central, y el detalle de puntos en relieve de la parte de los hombros.<\/p>\n<p>Para finalizar, se separan las mangas del cuerpo y se termina con un el\u00e1stico.<\/p>\n<p>Tambi\u00e9n puedes encontrar en el documento el enlace al v\u00eddeo tutorial de soporte. Este art\u00edculo es un patr\u00f3n descargable, NO ES EL PONCHO TERMINADO.<\/p>\n<p>&nbsp;<\/p>\n","protected":false},"excerpt":{"rendered":"<p>Patr\u00f3n en PDF en ESPA\u00d1OL descargable. patr\u00f3n escrito hilera por hilera, y enlace al v\u00eddeo tutorial<\/p>\n","protected":false},"featured_media":7538,"comment_status":"open","ping_status":"closed","template":"","meta":{"_kad_post_transparent":"default","_kad_post_title":"","_kad_post_layout":"default","_kad_post_sidebar_id":"","_kad_post_content_style":"default","_kad_post_vertical_padding":"default","_kad_post_feature":"","_kad_post_feature_position":"","_kad_post_header":false,"_kad_post_footer":false},"product_cat":[123],"product_tag":[],"class_list":{"0":"post-7540","1":"product","2":"type-product","3":"status-publish","4":"has-post-thumbnail","6":"product_cat-mujer","8":"first","9":"instock","10":"downloadable","11":"virtual","12":"product-type-simple","13":"entry","14":"content-bg","15":"loop-entry"},"_links":{"self":[{"href":"https:\/\/lanasyovillos.com\/es\/wp-json\/wp\/v2\/product\/7540","targetHints":{"allow":["GET"]}}],"collection":[{"href":"https:\/\/lanasyovillos.com\/es\/wp-json\/wp\/v2\/product"}],"about":[{"href":"https:\/\/lanasyovillos.com\/es\/wp-json\/wp\/v2\/types\/product"}],"replies":[{"embeddable":true,"href":"https:\/\/lanasyovillos.com\/es\/wp-json\/wp\/v2\/comments?post=7540"}],"wp:featuredmedia":[{"embeddable":true,"href":"https:\/\/lanasyovillos.com\/es\/wp-json\/wp\/v2\/media\/7538"}],"wp:attachment":[{"href":"https:\/\/lanasyovillos.com\/es\/wp-json\/wp\/v2\/media?parent=7540"}],"wp:term":[{"taxonomy":"product_cat","embeddable":true,"href":"https:\/\/lanasyovillos.com\/es\/wp-json\/wp\/v2\/product_cat?post=7540"},{"taxonomy":"product_tag","embeddable":true,"href":"https:\/\/lanasyovillos.com\/es\/wp-json\/wp\/v2\/product_tag?post=7540"}],"curies":[{"name":"wp","href":"https:\/\/api.w.org\/{rel}","templated":true}]}}