{"id":7599,"date":"2022-02-02T19:00:21","date_gmt":"2022-02-02T17:00:21","guid":{"rendered":"https:\/\/lanasyovillos.com\/?post_type=product&#038;p=7599"},"modified":"2022-02-01T13:40:39","modified_gmt":"2022-02-01T11:40:39","slug":"patron-manta-grannys","status":"publish","type":"product","link":"https:\/\/lanasyovillos.com\/es\/producto\/patron-manta-grannys\/","title":{"rendered":"Patr\u00f3n Manta Grannys"},"content":{"rendered":"<p>Esta manta est\u00e1 tejida en ganchillo. Se tejen granny squares, el modelo sunburst. En el caso de la manta del v\u00eddeo se tejen 96 cuadrados.<\/p>\n<p>Luego se unen para formar una manta de unos 80x120cm. Por \u00faltimo se a\u00f1ade un borde alrededor de los cuadrados para unificarlos y dejarlos rectos. Cada cuadrado mide un poco menos de 10x10cm.<\/p>\n<p>En este documento podr\u00e1s encontrar las instrucciones escritas y el gr\u00e1fico del cuadrado, adem\u00e1s de las instrucciones generales y acceso al video tutorial de soporte.\u00c7<br \/>\nEste art\u00edculo es un patr\u00f3n descargable, NO ES LA MANTA TERMINADA.<\/p>\n<p>&nbsp;<\/p>\n","protected":false},"excerpt":{"rendered":"<p>Patr\u00f3n en PDF en ESPA\u00d1OL descargable. Gr\u00e1fico del cuadrado, instrucciones escritas, y enlace al v\u00eddeo tutorial<\/p>\n","protected":false},"featured_media":7593,"comment_status":"open","ping_status":"closed","template":"","meta":{"_kad_post_transparent":"default","_kad_post_title":"","_kad_post_layout":"default","_kad_post_sidebar_id":"","_kad_post_content_style":"default","_kad_post_vertical_padding":"default","_kad_post_feature":"","_kad_post_feature_position":"","_kad_post_header":false,"_kad_post_footer":false},"product_cat":[119],"product_tag":[],"class_list":{"0":"post-7599","1":"product","2":"type-product","3":"status-publish","4":"has-post-thumbnail","6":"product_cat-mantas","8":"first","9":"instock","10":"downloadable","11":"virtual","12":"product-type-simple","13":"entry","14":"content-bg","15":"loop-entry"},"_links":{"self":[{"href":"https:\/\/lanasyovillos.com\/es\/wp-json\/wp\/v2\/product\/7599","targetHints":{"allow":["GET"]}}],"collection":[{"href":"https:\/\/lanasyovillos.com\/es\/wp-json\/wp\/v2\/product"}],"about":[{"href":"https:\/\/lanasyovillos.com\/es\/wp-json\/wp\/v2\/types\/product"}],"replies":[{"embeddable":true,"href":"https:\/\/lanasyovillos.com\/es\/wp-json\/wp\/v2\/comments?post=7599"}],"wp:featuredmedia":[{"embeddable":true,"href":"https:\/\/lanasyovillos.com\/es\/wp-json\/wp\/v2\/media\/7593"}],"wp:attachment":[{"href":"https:\/\/lanasyovillos.com\/es\/wp-json\/wp\/v2\/media?parent=7599"}],"wp:term":[{"taxonomy":"product_cat","embeddable":true,"href":"https:\/\/lanasyovillos.com\/es\/wp-json\/wp\/v2\/product_cat?post=7599"},{"taxonomy":"product_tag","embeddable":true,"href":"https:\/\/lanasyovillos.com\/es\/wp-json\/wp\/v2\/product_tag?post=7599"}],"curies":[{"name":"wp","href":"https:\/\/api.w.org\/{rel}","templated":true}]}}