{"id":7650,"date":"2022-02-11T16:15:36","date_gmt":"2022-02-11T14:15:36","guid":{"rendered":"https:\/\/lanasyovillos.com\/?post_type=product&#038;p=7650"},"modified":"2023-01-19T20:05:21","modified_gmt":"2023-01-19T18:05:21","slug":"patron-chal-london-bridge","status":"publish","type":"product","link":"https:\/\/lanasyovillos.com\/es\/producto\/patron-chal-london-bridge\/","title":{"rendered":"Patr\u00f3n Chal London Bridge"},"content":{"rendered":"<p>Una chal muy f\u00e1cil de tejer con la t\u00e9cnica de crochet o ganchillo. Es un modelo perfecto de forma semi circular con un borde calado muy bonito.<\/p>\n<p>El patr\u00f3n incluye el gr\u00e1fico y las instrucciones escritas hilera por hilera, adem\u00e1s del acceso al v\u00eddeo tutorial detallado de c\u00f3mo tejer el chal.<\/p>\n<p>NO ES EL CHAL TERMINADO, SOLO EL PATR\u00d3N EN PDF CON LAS INSTRUCCIONES PASO A PASO<\/p>\n","protected":false},"excerpt":{"rendered":"<p>Patr\u00f3n en PDF del Chal London Bridge DESCARGABLE.<\/p>\n<p>El patr\u00f3n incluye el gr\u00e1fico y las instrucciones escritas hilera por hilera, as\u00ed como acceso al v\u00eddeo tutorial de soporte<\/p>\n","protected":false},"featured_media":7658,"comment_status":"open","ping_status":"closed","template":"","meta":{"_kad_post_transparent":"default","_kad_post_title":"","_kad_post_layout":"default","_kad_post_sidebar_id":"","_kad_post_content_style":"default","_kad_post_vertical_padding":"default","_kad_post_feature":"","_kad_post_feature_position":"","_kad_post_header":false,"_kad_post_footer":false},"product_cat":[115],"product_tag":[],"class_list":{"0":"post-7650","1":"product","2":"type-product","3":"status-publish","4":"has-post-thumbnail","6":"product_cat-chales-y-bufandas","8":"first","9":"instock","10":"downloadable","11":"virtual","12":"product-type-simple","13":"entry","14":"content-bg","15":"loop-entry"},"_links":{"self":[{"href":"https:\/\/lanasyovillos.com\/es\/wp-json\/wp\/v2\/product\/7650","targetHints":{"allow":["GET"]}}],"collection":[{"href":"https:\/\/lanasyovillos.com\/es\/wp-json\/wp\/v2\/product"}],"about":[{"href":"https:\/\/lanasyovillos.com\/es\/wp-json\/wp\/v2\/types\/product"}],"replies":[{"embeddable":true,"href":"https:\/\/lanasyovillos.com\/es\/wp-json\/wp\/v2\/comments?post=7650"}],"wp:featuredmedia":[{"embeddable":true,"href":"https:\/\/lanasyovillos.com\/es\/wp-json\/wp\/v2\/media\/7658"}],"wp:attachment":[{"href":"https:\/\/lanasyovillos.com\/es\/wp-json\/wp\/v2\/media?parent=7650"}],"wp:term":[{"taxonomy":"product_cat","embeddable":true,"href":"https:\/\/lanasyovillos.com\/es\/wp-json\/wp\/v2\/product_cat?post=7650"},{"taxonomy":"product_tag","embeddable":true,"href":"https:\/\/lanasyovillos.com\/es\/wp-json\/wp\/v2\/product_tag?post=7650"}],"curies":[{"name":"wp","href":"https:\/\/api.w.org\/{rel}","templated":true}]}}